{"id":4327,"date":"2022-05-23T16:08:49","date_gmt":"2022-05-23T16:08:49","guid":{"rendered":"https:\/\/themepanthers.com\/wp\/creote\/v1-wp\/?page_id=4327"},"modified":"2022-10-23T10:22:45","modified_gmt":"2022-10-23T10:22:45","slug":"about-me","status":"publish","type":"page","link":"https:\/\/davidsenglish.sk\/sk_SK\/about-me\/","title":{"rendered":"O mne"},"content":{"rendered":"<p>[vc_row custom_padding=&#8221;0px 0px 30px 0px&#8221;][vc_column width=&#8221;1\/2&#8243; el_class=&#8221;z_index_up&#8221; css=&#8221;.vc_custom_1653394469415{padding-bottom: 50px !important;}&#8221;]\n\n<div class=\"title_all_box  dark_color  \nstyle_one\"     style='text-align: left!important;'>\n      \n                               <div class=\"title_sections\">\n                                     <div class=\"before_title\" style=' '>\n                  O mne                  <\/div>\n                                                      <h2 style='  '>  Roden\u00fd hovorca angli\u010dtiny...<\/h2>\n                                                <\/div>\n                            \n      \n        <\/div>\n\n\n\n[vc_empty_space height=&#8221;15px&#8221;]\n\n<div class=\"extra_content image_with_content dark_color\" >\n       \n       \n              <div class=\"simple_image\">\n                              <img decoding=\"async\" src=\"https:\/\/davidsenglish.sk\/wp-content\/uploads\/2022\/05\/cuntry-1.png\" alt=\"img\" \/>\n                                <h2> z Anglicka <\/h2>\n             <\/div>\n\n        \n     <\/div>\n\n\n\n\n\n[vc_empty_space height=&#8221;55px&#8221;]\n\n<div class=\"description_box\" style='text-align: left!important;' >\n                                    <p style=' padding: 0px!important; margin: 0px!important; '>Poch\u00e1dzam z Ve\u013ekej Brit\u00e1nie a u\u010d\u00edm angli\u010dtinu u\u017e viac ako 18 rokov. Ako u\u010dite\u013e som z\u00edskal sk\u00fasenosti v \u0160panielsku, \u010ceskej republike a Rak\u00fasku a teraz dlhodobo \u017eijem na Slovensku.<\/p>\n                      \n        <\/div>\n\n\n[vc_empty_space height=&#8221;15px&#8221;]\n\n<div class=\"description_box\" style='text-align: left!important;' >\n                                    <p style=' padding: 0px!important; margin: 0px!important; '>Okrem v\u0161eobecnej angli\u010dtiny m\u00e1m sk\u00fasenosti s v\u00fdu\u010dbou angli\u010dtiny pre \u0161peci\u00e1lne \u00fa\u010dely (ESP). Oblasti zah\u0155\u0148aj\u00fa obchodn\u00fa angli\u010dtinu, angli\u010dtinu pre arm\u00e1du, slu\u017eby z\u00e1kazn\u00edkom, in\u017einierstvo stavebn\u00fdch slu\u017eieb at\u010f.<\/p>\n                      \n        <\/div>\n\n\n[vc_empty_space height=&#8221;15px&#8221;]\n\n<div class=\"description_box\" style='text-align: left!important;' >\n                                    <p style=' padding: 0px!important; margin: 0px!important; '>B\u00fdvam v Bratislave a m\u00e1m osemro\u010dn\u00fa dc\u00e9ru.<\/p>\n                      \n        <\/div>\n\n\n[vc_empty_space height=&#8221;25px&#8221;][vc_row_inner][vc_column_inner width=&#8221;1\/2&#8243;]   <div class=\"icon_box_all  style_two \" >\n\n<div class=\"icon_content  icon_imgs \">\n                            <div class=\"icon\">\n            <img decoding=\"async\" src=\"https:\/\/davidsenglish.sk\/wp-content\/uploads\/2022\/05\/icon-img-n-1.png\" class=\"img-fluid svg_image\" alt=\"icon png\" \/>\n        <\/div>\n                \n\n        <div class=\"txt_content\">\n                          <h3>\n               <a href=\"\"  >\n                        Real English                    <\/a>\n                <\/h3>\n                                <\/div>\n<\/div>\n\n\n<\/div>\n\n\n\n\n[\/vc_column_inner][vc_column_inner width=&#8221;1\/2&#8243;]   <div class=\"icon_box_all  style_two \" >\n\n<div class=\"icon_content  icon_imgs \">\n                            <div class=\"icon\">\n            <img decoding=\"async\" src=\"https:\/\/davidsenglish.sk\/wp-content\/uploads\/2022\/05\/icon-img-n-2.png\" class=\"img-fluid svg_image\" alt=\"icon png\" \/>\n        <\/div>\n                \n\n        <div class=\"txt_content\">\n                          <h3>\n               <a href=\"\"  >\n                        Flexible Plans                    <\/a>\n                <\/h3>\n                                <\/div>\n<\/div>\n\n\n<\/div>\n\n\n\n\n[\/vc_column_inner][\/vc_row_inner][vc_empty_space height=&#8221;25px&#8221;]\n<div class=\"theme_btn_all\"  style='text-align: left!important;'>\n                    <a href=\"http:\/\/davidsenglish.sk\/contact\/\"  class=\"theme-btn one\">\n                Send Message            <\/a>\n                <\/div>\n\n[\/vc_column][vc_column width=&#8221;1\/2&#8243; css=&#8221;.vc_custom_1653394456283{padding-bottom: 50px !important;}&#8221;]                <div class=\"image_boxes style_two\">\n                                    <img decoding=\"async\" src=\"https:\/\/davidsenglish.sk\/wp-content\/uploads\/2022\/05\/shape-1.png\" class=\"background_image\" alt=\"image\" \/>\n                                                <div class=\"image one\">\n                    <img decoding=\"async\" src=\"https:\/\/davidsenglish.sk\/wp-content\/uploads\/2022\/05\/about-us-1-min.png\" class=\"img\" alt=\"image\" \/>\n                <\/div>\n                                                <div class=\"image two\">\n                    <img decoding=\"async\" src=\"https:\/\/davidsenglish.sk\/wp-content\/uploads\/2022\/05\/about-us-2-min.png\" class=\"img\" alt=\"image\" \/>\n                                    <\/div>\n                                                <div class=\"authour_quotes\">\n                        <i class=\"icon-quote\"><\/i>\n                        <h6>    Making What\u2019s Possible in Human Resource<\/h6>\n               \n                        <p>   \/  Liam Oliver<\/p>\n                  \n                <\/div>\n                              \n            <\/div>\n\n             \n\n\n\n[\/vc_column][\/vc_row][vc_row custom_padding=&#8221;90px 0px 70px 0px&#8221; custom_background_color=&#8221;#f0f3f9&#8243;][vc_column]\n\n<div class=\"title_all_box  dark_color  \nstyle_one\"     style='text-align: center!important;'>\n      \n                               <div class=\"title_sections\">\n                                     <div class=\"before_title\" style=' '>\n                  Learn English                  <\/div>\n                                                      <h2 style='  '>  Read More information<\/h2>\n                                                <\/div>\n                            \n      \n        <\/div>\n\n\n\n[vc_empty_space height=&#8221;5px&#8221;][vc_row_inner][vc_column_inner width=&#8221;1\/3&#8243; css=&#8221;.vc_custom_1653393980893{padding-top: 25px !important;padding-bottom: 25px !important;}&#8221;]                     <div class=\"simple_image_boxes  parallax_cover\"  style='height: 264px!important; border-radius: 20px 20px 20px 20px!important; ' >\n                    <img decoding=\"async\" src=\"https:\/\/davidsenglish.sk\/wp-content\/uploads\/2022\/05\/icon-img-ab-1.jpg\" class=\"simp_img cover-parallax\" alt=\"image\"  style='height: 264px!important; border-radius: 20px 20px 20px 20px!important; ' \/>\n            <\/div>\n            \n\n\n[vc_empty_space height=&#8221;25px&#8221;]   <div class=\"icon_box_all  style_three \" >\n\n    <div class=\"icon_content \">\n                <div class=\"icon\">\n            <span class=\"icon icon-bow-and-arrow\"><\/span>\n        <\/div>\n        \n\n        <div class=\"txt_content\">\n                          <h3>\n               <a href=\"\"  >\n                        Our Mission                    <\/a>\n                <\/h3>\n                                    <p>\n                Equal blame belongs to those who fail in their duty through weakness of will which the same as saying.            <\/p>\n            \n                        <\/div>\n<\/div>\n\n\n\n<\/div>\n\n\n\n\n[\/vc_column_inner][vc_column_inner width=&#8221;1\/3&#8243;][vc_empty_space height=&#8221;25px&#8221;]   <div class=\"icon_box_all  style_three \" >\n\n    <div class=\"icon_content \">\n                <div class=\"icon\">\n            <span class=\"icon icon-binoculars\"><\/span>\n        <\/div>\n        \n\n        <div class=\"txt_content\">\n                          <h3>\n               <a href=\"\"  >\n                        Our Core Values                    <\/a>\n                <\/h3>\n                                    <p>\n                Equal blame belongs to those who fail in their duty through weakness of will which the same as saying.            <\/p>\n            \n                                <ul>\n                        <li>\n                Integrity<br \/>            <\/li>\n                        <li>\n                Commitment to excellence<br \/>            <\/li>\n                        <li>\n                Consumer focus<br \/>            <\/li>\n                        <li>\n                Accountability<br \/>            <\/li>\n                        <li>\n                Inclusiveness            <\/li>\n                      <\/ul>\n                <div class=\"btn_left\">\n   \n        <a href=\"\"   class=\"theme-btn one\">\n  Read More<\/a>\n<\/div>\n            <\/div>\n<\/div>\n\n\n\n<\/div>\n\n\n\n\n[vc_empty_space height=&#8221;25px&#8221;][\/vc_column_inner][vc_column_inner width=&#8221;1\/3&#8243; css=&#8221;.vc_custom_1653393985784{padding-top: 25px !important;padding-bottom: 25px !important;}&#8221;]   <div class=\"icon_box_all  style_three \" >\n\n    <div class=\"icon_content \">\n                <div class=\"icon\">\n            <span class=\"icon icon-binoculars\"><\/span>\n        <\/div>\n        \n\n        <div class=\"txt_content\">\n                          <h3>\n               <a href=\"\"  >\n                        Our Vision                    <\/a>\n                <\/h3>\n                                    <p>\n                Equal blame belongs to those who fail in their duty through weakness of will which the same as saying.            <\/p>\n            \n                        <\/div>\n<\/div>\n\n\n\n<\/div>\n\n\n\n\n[vc_empty_space height=&#8221;25px&#8221;]                     <div class=\"simple_image_boxes  parallax_cover\"  style='height: 264px!important; border-radius: 20px 20px 20px 20px!important; ' >\n                    <img decoding=\"async\" src=\"https:\/\/davidsenglish.sk\/wp-content\/uploads\/2022\/05\/icon-img-ab-2.jpg\" class=\"simp_img cover-parallax\" alt=\"image\"  style='height: 264px!important; border-radius: 20px 20px 20px 20px!important; ' \/>\n            <\/div>\n            \n\n\n[\/vc_column_inner][\/vc_row_inner][\/vc_column][\/vc_row][vc_row custom_padding=&#8221;100px 0px 100px 0px&#8221; custom_background_repeat=&#8221;no-repeat&#8221; custom_background_position=&#8221;center&#8221; custom_background_size=&#8221;cover&#8221; custom_background_image=&#8221;4235&#8243;][vc_column]<section class=\"tabs_all_box  tabs_all_box_start type_one\">\n\n<div class=\"tab_over_all_box\">\n                                               <div class=\"tabs_header clearfix\">\n               \n      \n                    <ul class=\"showcase_tabs_btns nav-pills nav   clearfix\">\n\n                                                <li class=\"nav-item\">\n                            <a class=\"s_tab_btn nav-link active\" data-tab=\"#tabtabone\"> \n                         \n                                      01. Affordable                        \n                        <\/a><\/li>\n                                            <li class=\"nav-item\">\n                            <a class=\"s_tab_btn nav-link \" data-tab=\"#tabtabtwo\"> \n                         \n                                      02. Knowledge                        \n                        <\/a><\/li>\n                                            <li class=\"nav-item\">\n                            <a class=\"s_tab_btn nav-link \" data-tab=\"#tabtabthree\"> \n                         \n                                      03. Saves Time                        \n                        <\/a><\/li>\n                                            <li class=\"nav-item\">\n                            <a class=\"s_tab_btn nav-link \" data-tab=\"#tabtabfour\"> \n                         \n                                      04. Fast &amp; Quality                        \n                        <\/a><\/li>\n                                            <li class=\"nav-item\">\n                            <a class=\"s_tab_btn nav-link \" data-tab=\"#tabtabfive\"> \n                         \n                                      05. Experienced                        \n                        <\/a><\/li>\n                                                \n                    <\/ul>\n                    <div class=\"toll_free\">\n                           <a href=\"tel:DavidsEnglishBratislava@gmail.com\"> <i class=\"icon-phone-call\"><\/i>\n                            Send Message \n                            <\/a>\n                            \n                    <\/div>\n                <\/div>\n                  <div class=\"s_tab_wrapper\">\n                     <div class=\"s_tabs_content\">\n                \n                                                 <div class=\"s_tab fade active-tab show\" id=\"tabtabone\">\n                         \n                            <div class=\"tab_content one\"     style=\"background-image:url(https:\/\/davidsenglish.sk\/wp-content\/uploads\/2022\/05\/tab-image.jpg)\"    >\n                              <div class=\"content_image\">\n                             <h6>Why Creote<\/h6>                               <h2>Affordable &amp; Flexible<\/h2>                                 <p>Must explain too you how all this mistaken idea of denouncing pleasures                praising pain was born and we will give you complete account of the system                the actual teachings of the great explorer.<\/p>                                   \n                      \n                                                <a href=\"\"  class=\"rd_more\">\n              Read More <i class=\"icon-right-arrow\"><\/i>\n            <\/a>\n                                                              \n                                  <\/div>\n                            <\/div>\n                         \n\n    \n\n                            <\/div>\n                                                    <div class=\"s_tab fade \" id=\"tabtabtwo\">\n                         \n                            <div class=\"tab_content one\"     style=\"background-image:url(https:\/\/davidsenglish.sk\/wp-content\/uploads\/2022\/05\/blog-image-8.jpg)\"    >\n                              <div class=\"content_image\">\n                             <h6>Why Creote<\/h6>                               <h2>Affordable &amp; Flexible<\/h2>                                 <p>Must explain too you how all this mistaken idea of denouncing pleasures                praising pain was born and we will give you complete account of the system                the actual teachings of the great explorer.<\/p>                                   \n                      \n                                                <a href=\"\"  class=\"rd_more\">\n              Read More <i class=\"icon-right-arrow\"><\/i>\n            <\/a>\n                                                              \n                                  <\/div>\n                            <\/div>\n                         \n\n    \n\n                            <\/div>\n                                                    <div class=\"s_tab fade \" id=\"tabtabthree\">\n                         \n                            <div class=\"tab_content one\"     style=\"background-image:url(https:\/\/davidsenglish.sk\/wp-content\/uploads\/2022\/05\/banner-five-bg.jpg)\"    >\n                              <div class=\"content_image\">\n                             <h6>Why Creote<\/h6>                               <h2>Affordable &amp; Flexible<\/h2>                                 <p>Must explain too you how all this mistaken idea of denouncing pleasures                praising pain was born and we will give you complete account of the system                the actual teachings of the great explorer.<\/p>                                   \n                      \n                                                <a href=\"\"  class=\"rd_more\">\n              Read More <i class=\"icon-right-arrow\"><\/i>\n            <\/a>\n                                                              \n                                  <\/div>\n                            <\/div>\n                         \n\n    \n\n                            <\/div>\n                                                    <div class=\"s_tab fade \" id=\"tabtabfour\">\n                         \n                            <div class=\"tab_content one\"     style=\"background-image:url(https:\/\/davidsenglish.sk\/wp-content\/uploads\/2022\/05\/home-4-about-1.jpg)\"    >\n                              <div class=\"content_image\">\n                             <h6>Why Creote<\/h6>                               <h2>Affordable &amp; Flexible<\/h2>                                 <p>Must explain too you how all this mistaken idea of denouncing pleasures                praising pain was born and we will give you complete account of the system                the actual teachings of the great explorer.<\/p>                                   \n                      \n                                                <a href=\"\"  class=\"rd_more\">\n              Read More <i class=\"icon-right-arrow\"><\/i>\n            <\/a>\n                                                              \n                                  <\/div>\n                            <\/div>\n                         \n\n    \n\n                            <\/div>\n                                                    <div class=\"s_tab fade \" id=\"tabtabfive\">\n                         \n                            <div class=\"tab_content one\"     style=\"background-image:url(https:\/\/davidsenglish.sk\/wp-content\/uploads\/2022\/05\/image-about-ls.jpg)\"    >\n                              <div class=\"content_image\">\n                             <h6>Why Creote<\/h6>                               <h2>Affordable &amp; Flexible<\/h2>                                 <p>Must explain too you how all this mistaken idea of denouncing pleasures                praising pain was born and we will give you complete account of the system                the actual teachings of the great explorer.<\/p>                                   \n                      \n                                                <a href=\"\"  class=\"rd_more\">\n              Read More <i class=\"icon-right-arrow\"><\/i>\n            <\/a>\n                                                              \n                                  <\/div>\n                            <\/div>\n                         \n\n    \n\n                            <\/div>\n                                          <\/div>\n                <\/div>\n                                \n                <\/div>  \n        \n    <\/section>   \n           \n\n\n[\/vc_column][\/vc_row]<\/p>\n","protected":false},"excerpt":{"rendered":"<p>[vc_row custom_padding=&#8221;0px 0px 30px 0px&#8221;][vc_column width=&#8221;1\/2&#8243; el_class=&#8221;z_index_up&#8221; css=&#8221;.vc_custom_1653394469415{padding-bottom: 50px !important;}&#8221;][vc_title_v1_init title_small_heading=\"O mne\" title_heading=\"Roden\u00fd hovorca angli\u010dtiny...\"][vc_emp&#8230;<\/p>\n","protected":false},"author":1,"featured_media":0,"parent":0,"menu_order":0,"comment_status":"closed","ping_status":"closed","template":"template-fullwidth.php","meta":{"footnotes":""},"class_list":["post-4327","page","type-page","status-publish","hentry"],"_links":{"self":[{"href":"https:\/\/davidsenglish.sk\/sk_SK\/wp-json\/wp\/v2\/pages\/4327","targetHints":{"allow":["GET"]}}],"collection":[{"href":"https:\/\/davidsenglish.sk\/sk_SK\/wp-json\/wp\/v2\/pages"}],"about":[{"href":"https:\/\/davidsenglish.sk\/sk_SK\/wp-json\/wp\/v2\/types\/page"}],"author":[{"embeddable":true,"href":"https:\/\/davidsenglish.sk\/sk_SK\/wp-json\/wp\/v2\/users\/1"}],"replies":[{"embeddable":true,"href":"https:\/\/davidsenglish.sk\/sk_SK\/wp-json\/wp\/v2\/comments?post=4327"}],"version-history":[{"count":25,"href":"https:\/\/davidsenglish.sk\/sk_SK\/wp-json\/wp\/v2\/pages\/4327\/revisions"}],"predecessor-version":[{"id":4890,"href":"https:\/\/davidsenglish.sk\/sk_SK\/wp-json\/wp\/v2\/pages\/4327\/revisions\/4890"}],"wp:attachment":[{"href":"https:\/\/davidsenglish.sk\/sk_SK\/wp-json\/wp\/v2\/media?parent=4327"}],"curies":[{"name":"wp","href":"https:\/\/api.w.org\/{rel}","templated":true}]}}