{"id":4328,"date":"2022-05-23T16:08:49","date_gmt":"2022-05-23T16:08:49","guid":{"rendered":"https:\/\/themepanthers.com\/wp\/creote\/v1-wp\/?page_id=4328"},"modified":"2024-09-26T12:36:11","modified_gmt":"2024-09-26T10:36:11","slug":"pricing-packages","status":"publish","type":"page","link":"https:\/\/davidsenglish.sk\/sk_SK\/pricing-packages\/","title":{"rendered":"Pricing Packages"},"content":{"rendered":"<p>[vc_row custom_padding=&#8221;0px 0px 90px 0px&#8221;][vc_column]\n\n<div class=\"title_all_box  dark_color  \nstyle_one\"     style='text-align: center!important;'>\n      \n                               <div class=\"title_sections\">\n                                     <div class=\"before_title\" style=' '>\n                  Cenn\u00edk                  <\/div>\n                                                      <h2 style='  '>  Ide\u00e1lne pre ka\u017ed\u00e9ho!<\/h2>\n                                                <\/div>\n                            \n      \n        <\/div>\n\n\n\n[vc_empty_space height=&#8221;20px&#8221;][vc_row_inner][vc_column_inner width=&#8221;1\/2&#8243;]\n\n        <div class=\"price_plan_box style_one\">\n            <div class=\"tag\">Popular<\/div>\n            <div class=\"inner_box\">\n                <div class=\"top\">\n                    <h2>Online: One-to-One konverza\u010dn\u00e9 hodiny<\/h2>                       <p>Konverza\u010dn\u00e9 hodiny s roden\u00fdm hovorcom pon\u00fakaj\u00fa najlep\u0161iu pr\u00edle\u017eitos\u0165 na opravu ch\u00fdb pri rozpr\u00e1van\u00ed po anglicky a umo\u017e\u0148uj\u00fa \u0161tudentovi zdokonali\u0165 svoje znalosti angli\u010dtiny s v\u00fdsledkami u\u017e od prvej hodiny. V\u0161etky hodiny konverz\u00e1cie s\u00fa zalo\u017een\u00e9 na t\u00e9mach.<\/p>                <\/div>\n                <div class=\"mid\">\n                  <h4>15 \u20ac<\/h4>                   <p>Online (Skype, etc.): One-to-One konverza\u010dn\u00e9 hodiny!<\/p>                <\/div>\n                <div class=\"bottom\">\n                                 <ul>\n                                                       \n                                          <li>\n                         <span> 60 minutes<\/span>\n                         <i class=\"fa fa-check\"><\/i>\n                     <\/li>\n                                      \n             \n                          <\/ul>\n                                                 <\/div>\n            <\/div>\n        <\/div>\n\n\n\n[\/vc_column_inner][vc_column_inner width=&#8221;1\/2&#8243;]\n\n        <div class=\"price_plan_box style_one\">\n            <div class=\"tag\"><\/div>\n            <div class=\"inner_box\">\n                <div class=\"top\">\n                    <h2>Online: Individu\u00e1lne lekcie z u\u010debnice<\/h2>                       <p>Pomocou u\u010debnice m\u00f4\u017eeme rozv\u00edja\u0165 va\u0161e znalosti angli\u010dtiny. Nau\u010d\u00edte sa nov\u00fa gramatiku a slovn\u00fa z\u00e1sobu \u0161trukt\u00farovan\u00fdm sp\u00f4sobom a tie\u017e si zlep\u0161\u00edte svoje rozpr\u00e1vanie a po\u010d\u00favanie.<\/p>                <\/div>\n                <div class=\"mid\">\n                  <h4>18 \u20ac<\/h4>                   <p>Online (Skype, etc.): Individu\u00e1lne lekcie z u\u010debnice! (Price includes free coursebook after 4 paid lessons)<\/p>                <\/div>\n                <div class=\"bottom\">\n                                 <ul>\n                                                       \n                                          <li>\n                         <span> 60 Minutes<\/span>\n                         <i class=\"fa fa-check\"><\/i>\n                     <\/li>\n                                      \n             \n                          <\/ul>\n                                                 <\/div>\n            <\/div>\n        <\/div>\n\n\n\n[\/vc_column_inner][\/vc_row_inner][vc_row_inner][vc_column_inner width=&#8221;1\/2&#8243;]\n\n        <div class=\"price_plan_box style_one\">\n            <div class=\"tag\"><\/div>\n            <div class=\"inner_box\">\n                <div class=\"top\">\n                    <h2>Online: Individu\u00e1lne lekcie - Maturita z anglick\u00e9ho jazyka<\/h2>                       <p>Pomocou u\u010debnice Maturity pre t\u00e9my m\u00f4\u017eeme stava\u0165 na va\u0161ich potreb\u00e1ch. Gramatiku a slovn\u00fa z\u00e1sobu, ktor\u00e9 ste sa nau\u010dili v \u0161kole, vyu\u017eijete na precvi\u010denie svojich re\u010dov\u00fdch schopnost\u00ed at\u010f. U\u010denie sa s roden\u00fdm anglick\u00fdm hovorcom je ide\u00e1lnou vo\u013ebou pri precvi\u010dovan\u00ed na maturitn\u00e9 sk\u00fa\u0161ky!<\/p>                <\/div>\n                <div class=\"mid\">\n                  <h4>15 \u20ac<\/h4>                   <p>Online (Skype, etc.): Individu\u00e1lne lekcie - Maturita z anglick\u00e9ho jazyka<\/p>                <\/div>\n                <div class=\"bottom\">\n                                 <ul>\n                                                       \n                                          <li>\n                         <span> 60 Minutes<\/span>\n                         <i class=\"fa fa-check\"><\/i>\n                     <\/li>\n                                      \n             \n                          <\/ul>\n                                                 <\/div>\n            <\/div>\n        <\/div>\n\n\n\n[\/vc_column_inner][vc_column_inner width=&#8221;1\/2&#8243;]\n\n        <div class=\"price_plan_box style_one\">\n            <div class=\"tag\"><\/div>\n            <div class=\"inner_box\">\n                <div class=\"top\">\n                    <h2>Face-to-face Lessons in Bratislava at your home or place of work!<\/h2>                       <p>Lekcie u V\u00e1s v Bratislave s\u00fa dostupn\u00e9 po\u010das d\u0148a (08:30 - 15:30).<\/p>                <\/div>\n                <div class=\"mid\">\n                  <h4>25 \u20ac<\/h4>                   <p>(Cena je pre skupinu jedn\u00e9ho alebo dvoch \u0161tudentov)<\/p>                <\/div>\n                <div class=\"bottom\">\n                                 <ul>\n                                                       \n                                          <li>\n                         <span> 60 Minutes<\/span>\n                         <i class=\"fa fa-check\"><\/i>\n                     <\/li>\n                                      \n             \n                          <\/ul>\n                                                 <\/div>\n            <\/div>\n        <\/div>\n\n\n\n[\/vc_column_inner][\/vc_row_inner][\/vc_column][\/vc_row][vc_row custom_margin=&#8221;0px 0px -90px 0px&#8221;][vc_column][\/vc_column][\/vc_row][vc_row custom_padding=&#8221;180px 0px 70px 0px&#8221; custom_background_color=&#8221;#f0f3f9&#8243;][vc_column]\n\n<div class=\"title_all_box  dark_color  \nstyle_one\"     style='text-align: center!important;'>\n      \n                               <div class=\"title_sections\">\n                                     <div class=\"before_title\" style=' '>\n                  Check Out                  <\/div>\n                                                      <h2 style='  '>  More Ways to Contact<\/h2>\n                                                <\/div>\n                            \n      \n        <\/div>\n\n\n\n[vc_empty_space height=&#8221;20px&#8221;][vc_row_inner][vc_column_inner width=&#8221;1\/3&#8243;]\n\n<div class=\"service_box style_four dark_color\" >\n       \n                   <div class=\"service_content\">\n             \n            <div class=\"image_box\">\n            \n                            \n                  <img decoding=\"async\" src=\"https:\/\/davidsenglish.sk\/wp-content\/uploads\/2022\/05\/project-6-img.jpg\" class=\"img-fluid\" alt=\"Service Image\" \/>\n            \n                                              <span class=\"icon icon-video-player\"><\/span>\n                          <\/div>\n     \n              <div class=\"content_inner\">\n             \n             \n                                <h2>      <a href=\"http:\/\/m.me\/DavidsEnglishLanguageSchool\"  >\n              Chat With a Live              <\/a> \n              <\/h2>\n                                            <p>  Messenger<\/p>\n              \n          \n\n              <\/div>\n            <\/div>\n\n\n     <\/div>\n\n\n[vc_empty_space height=&#8221;20px&#8221;][\/vc_column_inner][vc_column_inner width=&#8221;1\/3&#8243;]\n\n<div class=\"service_box style_four dark_color\" >\n       \n                   <div class=\"service_content\">\n             \n            <div class=\"image_box\">\n            \n                            \n                  <img decoding=\"async\" src=\"https:\/\/davidsenglish.sk\/wp-content\/uploads\/2022\/05\/image-about-ls.jpg\" class=\"img-fluid\" alt=\"Service Image\" \/>\n            \n                                              <span class=\"icon icon-businessman-1\"><\/span>\n                          <\/div>\n     \n              <div class=\"content_inner\">\n             \n             \n                                <h2>      <a href=\"mailto:DavidsEnglishBratislava@gmail.com\"  >\n              Ask From David              <\/a> \n              <\/h2>\n                                            <p>  SEND MESSAGE<\/p>\n              \n          \n\n              <\/div>\n            <\/div>\n\n\n     <\/div>\n\n\n[vc_empty_space height=&#8221;20px&#8221;][\/vc_column_inner][vc_column_inner width=&#8221;1\/3&#8243;]\n\n<div class=\"service_box style_four dark_color\" >\n       \n                   <div class=\"service_content\">\n             \n            <div class=\"image_box\">\n            \n                            \n                  <img decoding=\"async\" src=\"https:\/\/davidsenglish.sk\/wp-content\/uploads\/2022\/05\/video-box-img-1.jpg\" class=\"img-fluid\" alt=\"Service Image\" \/>\n            \n                                              <span class=\"icon icon-development\"><\/span>\n                          <\/div>\n     \n              <div class=\"content_inner\">\n             \n             \n                                <h2>      <a href=\"http:\/\/davidsenglish.sk\/about-me\/\"  >\n              About Him              <\/a> \n              <\/h2>\n                                            <p>  MORE INFORMATION<\/p>\n              \n          \n\n              <\/div>\n            <\/div>\n\n\n     <\/div>\n\n\n[vc_empty_space height=&#8221;20px&#8221;][\/vc_column_inner][\/vc_row_inner][\/vc_column][\/vc_row]<\/p>\n","protected":false},"excerpt":{"rendered":"<p>[vc_row custom_padding=&#8221;0px 0px 90px 0px&#8221;][vc_column][vc_title_v1_init title_alignments=\"center\" title_small_heading=\"Cenn\u00edk\" title_heading=\"Ide\u00e1lne pre ka\u017ed\u00e9ho!\"][vc_empty_space height=&#8221;20px&#8221;][vc_row_inner][vc_column_inner width=&#8221;1\/2&#8243;][vc_price_plan&#8230;<\/p>\n","protected":false},"author":1,"featured_media":0,"parent":0,"menu_order":0,"comment_status":"closed","ping_status":"closed","template":"template-fullwidth.php","meta":{"footnotes":""},"class_list":["post-4328","page","type-page","status-publish","hentry"],"_links":{"self":[{"href":"https:\/\/davidsenglish.sk\/sk_SK\/wp-json\/wp\/v2\/pages\/4328","targetHints":{"allow":["GET"]}}],"collection":[{"href":"https:\/\/davidsenglish.sk\/sk_SK\/wp-json\/wp\/v2\/pages"}],"about":[{"href":"https:\/\/davidsenglish.sk\/sk_SK\/wp-json\/wp\/v2\/types\/page"}],"author":[{"embeddable":true,"href":"https:\/\/davidsenglish.sk\/sk_SK\/wp-json\/wp\/v2\/users\/1"}],"replies":[{"embeddable":true,"href":"https:\/\/davidsenglish.sk\/sk_SK\/wp-json\/wp\/v2\/comments?post=4328"}],"version-history":[{"count":27,"href":"https:\/\/davidsenglish.sk\/sk_SK\/wp-json\/wp\/v2\/pages\/4328\/revisions"}],"predecessor-version":[{"id":5191,"href":"https:\/\/davidsenglish.sk\/sk_SK\/wp-json\/wp\/v2\/pages\/4328\/revisions\/5191"}],"wp:attachment":[{"href":"https:\/\/davidsenglish.sk\/sk_SK\/wp-json\/wp\/v2\/media?parent=4328"}],"curies":[{"name":"wp","href":"https:\/\/api.w.org\/{rel}","templated":true}]}}