{"id":4392,"date":"2022-05-23T16:20:33","date_gmt":"2022-05-23T16:20:33","guid":{"rendered":"https:\/\/themepanthers.com\/wp\/creote\/v1-wp\/?page_id=4392"},"modified":"2024-10-10T06:20:37","modified_gmt":"2024-10-10T04:20:37","slug":"contact","status":"publish","type":"page","link":"https:\/\/davidsenglish.sk\/sk_SK\/contact\/","title":{"rendered":"Kontakt"},"content":{"rendered":"<p>[vc_row][vc_column][vc_row_inner][vc_column_inner width=&#8221;1\/2&#8243;]\n\n<div class=\"title_all_box  dark_color  \nstyle_one\"     style='text-align: left!important;'>\n      \n                               <div class=\"title_sections\">\n                                     <div class=\"before_title\" style=' '>\n                  Pre va\u0161e ot\u00e1zky...                  <\/div>\n                                                      <h2 style='  '>  Op\u00fdtajte sa tu<\/h2>\n                                                      <p style=' '>  Po\u0161lite spr\u00e1vu cez dan\u00fd formul\u00e1r, priamo e-mailom alebo cez Facebook Messenger.<\/p>\n                              <\/div>\n                            \n      \n        <\/div>\n\n\n\n[vc_empty_space height=&#8221;18px&#8221;] \n\n\n <div class=\"contact_box_content  style_one\" >\n\n\n        <div class=\"contact_box_inner  icon_yes \">\n                        <div class=\"icon_bx\">\n                <span class=\"icon icon-phone1\"><\/span>\n            <\/div>\n                    <div class=\"contnet\">\n                          <h3> Email <\/h3>\n                                    <p>\n                info@davidsenglish.sk            <\/p>\n                        <\/div>\n        <\/div>\n\n\n\n<\/div>\n\n\n[vc_empty_space height=&#8221;25px&#8221;] \n\n\n <div class=\"contact_box_content  style_one\" >\n\n\n        <div class=\"contact_box_inner  icon_yes \">\n                        <div class=\"icon_bx\">\n                <span class=\"fa fa-desktop\"><\/span>\n            <\/div>\n                    <div class=\"contnet\">\n                          <h3> Facebook: <\/h3>\n                                    <p>\n                https:\/\/www.facebook.com\/DavidsEnglishLanguageSchool            <\/p>\n                        <\/div>\n        <\/div>\n\n\n\n<\/div>\n\n\n[vc_empty_space height=&#8221;45px&#8221;][\/vc_column_inner][vc_column_inner width=&#8221;1\/2&#8243; offset=&#8221;vc_hidden-lg vc_hidden-md vc_hidden-sm vc_hidden-xs&#8221;]\n <section class=\"contact_form_box_all type_one\" >\n<div class=\"contact_form_box_inner\">\n       <div class=\"contact_form_shortcode\">\n   \n<div class=\"wpcf7 no-js\" id=\"wpcf7-f5107-o1\" lang=\"en\" dir=\"ltr\" data-wpcf7-id=\"5107\">\n<div class=\"screen-reader-response\"><p role=\"status\" aria-live=\"polite\" aria-atomic=\"true\"><\/p> <ul><\/ul><\/div>\n<form action=\"\/sk_SK\/wp-json\/wp\/v2\/pages\/4392#wpcf7-f5107-o1\" method=\"post\" class=\"wpcf7-form init\" aria-label=\"Contact form\" novalidate=\"novalidate\" data-status=\"init\">\n<fieldset class=\"hidden-fields-container\"><input type=\"hidden\" name=\"_wpcf7\" value=\"5107\" \/><input type=\"hidden\" name=\"_wpcf7_version\" value=\"6.1.4\" \/><input type=\"hidden\" name=\"_wpcf7_locale\" value=\"en\" \/><input type=\"hidden\" name=\"_wpcf7_unit_tag\" value=\"wpcf7-f5107-o1\" \/><input type=\"hidden\" name=\"_wpcf7_container_post\" value=\"0\" \/><input type=\"hidden\" name=\"_wpcf7_posted_data_hash\" value=\"\" \/>\n<\/fieldset>\n<p><label> Va\u0161e meno<br \/>\n<span class=\"wpcf7-form-control-wrap\" data-name=\"your-name\"><input size=\"40\" maxlength=\"400\" class=\"wpcf7-form-control wpcf7-text wpcf7-validates-as-required\" aria-required=\"true\" aria-invalid=\"false\" value=\"\" type=\"text\" name=\"your-name\" \/><\/span><br \/>\n<i class=\"fa fa-user\"><\/i><br \/>\n<\/label>\n<\/p>\n<p><label> Va\u0161 email<br \/>\n<span class=\"wpcf7-form-control-wrap\" data-name=\"your-email\"><input size=\"40\" maxlength=\"400\" class=\"wpcf7-form-control wpcf7-email wpcf7-validates-as-required wpcf7-text wpcf7-validates-as-email\" aria-required=\"true\" aria-invalid=\"false\" value=\"\" type=\"email\" name=\"your-email\" \/><\/span><br \/>\n<i class=\"fa fa-envelope\"><\/i><br \/>\n<\/label>\n<\/p>\n<p><label> Predmet<br \/>\n<span class=\"wpcf7-form-control-wrap\" data-name=\"your-subject\"><input size=\"40\" maxlength=\"400\" class=\"wpcf7-form-control wpcf7-text wpcf7-validates-as-required\" aria-required=\"true\" aria-invalid=\"false\" value=\"\" type=\"text\" name=\"your-subject\" \/><\/span><br \/>\n<i class=\"fa fa-folder\"><\/i><br \/>\n<\/label>\n<\/p>\n<p><label> Va\u0161a spr\u00e1va (optional)<br \/>\n<span class=\"wpcf7-form-control-wrap\" data-name=\"your-message\"><textarea cols=\"40\" rows=\"10\" maxlength=\"2000\" class=\"wpcf7-form-control wpcf7-textarea\" aria-invalid=\"false\" name=\"your-message\"><\/textarea><\/span><br \/>\n<i class=\"fa fa-comments\"><\/i><br \/>\n<\/label>\n<\/p>\n<p><input class=\"wpcf7-form-control wpcf7-submit has-spinner\" type=\"submit\" value=\"Posla\u0165\" \/>\n<\/p><div class=\"wpcf7-response-output\" aria-hidden=\"true\"><\/div>\n<\/form>\n<\/div>\n   <\/div>\n   <\/div>\n\n<\/section>\n\n[\/vc_column_inner][\/vc_row_inner][\/vc_column][vc_column][\/vc_column][\/vc_row][vc_row custom_margin=&#8221;70px 0px 0px 0px&#8221;][vc_column][vc_gmaps link=&#8221;#E-8_JTNDaWZyYW1lJTIwc3JjJTNEJTIyaHR0cHMlM0ElMkYlMkZ3d3cuZ29vZ2xlLmNvbSUyRm1hcHMlMkZlbWJlZCUzRnBiJTNEJTIxMW0xOCUyMTFtMTIlMjExbTMlMjExZDE3MDQxMS41MTY1NjMyMjMxMiUyMTJkMTYuOTc1ODM0MTA0OTYyMzg0JTIxM2Q0OC4xMzU2OTUyMzk4MjYzNzYlMjEybTMlMjExZjAlMjEyZjAlMjEzZjAlMjEzbTIlMjExaTEwMjQlMjEyaTc2OCUyMTRmMTMuMSUyMTNtMyUyMTFtMiUyMTFzMHg0NzZjODkzNjBhY2E2MTk3JTI1M0EweDYzMWY5YjgyZmQ4ODQzNjglMjEyc0JyYXRpc2xhdmElMjUyQyUyNTIwU2xvdmFraWElMjE1ZTAlMjEzbTIlMjExc2VuJTIxMnNsayUyMTR2MTY2NjM1OTY1NjUwNyUyMTVtMiUyMTFzZW4lMjEyc2xrJTIyJTIwd2lkdGglM0QlMjI2MDAlMjIlMjBoZWlnaHQlM0QlMjI0NTAlMjIlMjBzdHlsZSUzRCUyMmJvcmRlciUzQTAlM0IlMjIlMjBhbGxvd2Z1bGxzY3JlZW4lM0QlMjIlMjIlMjBsb2FkaW5nJTNEJTIybGF6eSUyMiUyMHJlZmVycmVycG9saWN5JTNEJTIybm8tcmVmZXJyZXItd2hlbi1kb3duZ3JhZGUlMjIlM0UlM0MlMkZpZnJhbWUlM0U=&#8221;][\/vc_column][\/vc_row][vc_row custom_margin=&#8221;0px 0px -90px 0px&#8221;][vc_column][\/vc_column][\/vc_row]<\/p>\n","protected":false},"excerpt":{"rendered":"<p>[vc_row][vc_column][vc_row_inner][vc_column_inner width=&#8221;1\/2&#8243;][vc_title_v1_init title_small_heading=&#8221;Pre va\u0161e ot\u00e1zky&#8230;&#8221; title_description=&#8221;Po\u0161lite spr\u00e1vu cez dan\u00fd formul\u00e1r, priamo e-mailom alebo cez Facebook Messenger.&#8221; title_heading=&#8221;Op\u00fdtajte sa tu&#8230;<\/p>\n","protected":false},"author":1,"featured_media":0,"parent":0,"menu_order":0,"comment_status":"closed","ping_status":"closed","template":"","meta":{"footnotes":""},"class_list":["post-4392","page","type-page","status-publish","hentry"],"_links":{"self":[{"href":"https:\/\/davidsenglish.sk\/sk_SK\/wp-json\/wp\/v2\/pages\/4392","targetHints":{"allow":["GET"]}}],"collection":[{"href":"https:\/\/davidsenglish.sk\/sk_SK\/wp-json\/wp\/v2\/pages"}],"about":[{"href":"https:\/\/davidsenglish.sk\/sk_SK\/wp-json\/wp\/v2\/types\/page"}],"author":[{"embeddable":true,"href":"https:\/\/davidsenglish.sk\/sk_SK\/wp-json\/wp\/v2\/users\/1"}],"replies":[{"embeddable":true,"href":"https:\/\/davidsenglish.sk\/sk_SK\/wp-json\/wp\/v2\/comments?post=4392"}],"version-history":[{"count":29,"href":"https:\/\/davidsenglish.sk\/sk_SK\/wp-json\/wp\/v2\/pages\/4392\/revisions"}],"predecessor-version":[{"id":5197,"href":"https:\/\/davidsenglish.sk\/sk_SK\/wp-json\/wp\/v2\/pages\/4392\/revisions\/5197"}],"wp:attachment":[{"href":"https:\/\/davidsenglish.sk\/sk_SK\/wp-json\/wp\/v2\/media?parent=4392"}],"curies":[{"name":"wp","href":"https:\/\/api.w.org\/{rel}","templated":true}]}}