{"id":4801,"date":"2022-10-21T08:40:49","date_gmt":"2022-10-21T08:40:49","guid":{"rendered":"http:\/\/davidsenglish.sk\/?page_id=4801"},"modified":"2022-10-30T08:12:25","modified_gmt":"2022-10-30T06:12:25","slug":"terms-and-conditions","status":"publish","type":"page","link":"https:\/\/davidsenglish.sk\/sk_SK\/terms-and-conditions\/","title":{"rendered":"Podmienky"},"content":{"rendered":"\n<p>Vlastn\u00edkom internetovej str\u00e1nky je: David Anthony Nix.<\/p>\n\n\n\n<p>Poskytovate\u013e slu\u017eieb je:<\/p>\n\n\n\n<p>David Anthony Nix &#8211; David&#8217;s English Language School<br \/>Ra\u010dianska 102<br \/>83154 Bratislava<br \/>(*s\u00fakromn\u00e1 adresa)<\/p>\n\n\n\n<p>Email: DavidsEnglishBratislava@gmail.com<\/p>\n\n\n\n<p>Dozorn\u00fd org\u00e1n pre Bratislavsk\u00fd kraj:<\/p>\n\n\n\n<p>In\u0161pektor\u00e1t SOI pre Bratislavsk\u00fd kraj<br \/>Bajkalsk\u00e1 21\/A, P. O. BOX \u010d. 5, 820 07 Bratislava<\/p>\n\n\n\n<p>Kontakt: https:\/\/www.soi.sk\/sk\/Kontakt.soi<\/p>\n\n\n\n<p>Bankov\u00e9 spojenie:<\/p>\n\n\n\n<p>David Anthony Nix &#8211; Davids English Language School<br \/>Banka: Tatrabanka (1100)<br \/>\u010c\u00edslo \u00fa\u010dtu: 2624834854<br \/>IBAN: SK65 1100 0000 0026 2483 4854<\/p>\n\n\n\n<p>GDPR<\/p>\n\n\n\n<p>Zodpovedn\u00e1 osoba: David Anthony Nix<\/p>\n\n\n\n<p>Uklad\u00e1me\/pou\u017e\u00edvame<\/p>\n\n\n\n<p>IP adresu po\u010d\u00edta\u010da &#8211; proti zneu\u017eitiu webov\u00fdch str\u00e1nok<\/p>\n\n\n\n<p>Sledovanie \u0161tatist\u00edk, napr\u00edklad Google Analytics (https:\/\/marketingplatform.google.com\/about\/analytics\/terms\/sk\/)<\/p>\n\n\n\n<p>Ochrana a spracovanie osobn\u00fdchch \u00fadajov, pr\u00e1va dotknutej osoby<\/p>\n\n\n\n<p>S\u00fahlas so spracovan\u00edm osobn\u00fdch \u00fadajov<\/p>\n\n\n\n<p>S\u00fahlasom so spracovan\u00ed osobn\u00fdch \u00fadajov povoluje dotknut\u00e1 osoba David Anthony Nix &#8211; David&#8217;s English Language School, so s\u00eddlom Racianska 102, I\u010cO: 43499392 (\u010ealej len &#8220;Spr\u00e1vca&#8221;), aby v zmysle z\u00e1kona \u010d. 18\/2018 Z. z. o ochrane osobn\u00fdch \u00fadajov a o zmene a doplnen\u00ed niektor\u00fdch z\u00e1konov (\u010falej len &#8220;z\u00e1kon o ochrane osobn\u00fdch \u00fadajov&#8221;) spracov\u00e1vala tieto osobn\u00e9 \u00fadaje dotknutej osoby:<\/p>\n\n\n\n<p>IP adresu po\u010d\u00edta\u010da<\/p>\n\n\n\n<p>IP adresu po\u010d\u00edta\u010da je nutn\u00e9 spracova\u0165 za \u00fa\u010delom na ochranu pred zneu\u017eit\u00edm webov\u00fdch str\u00e1nok.<\/p>\n\n\n\n<p>Spracovanie osobn\u00fdch \u00fadajov<br \/>S\u00fahlasom so spracovan\u00ed osobn\u00fdch \u00fadajov ude\u013euje dotknut\u00e1 osoba svoj v\u00fdslovn\u00fd s\u00fahlas s vy\u0161\u0161ie uveden\u00fdm spracovan\u00edm. S\u00fahlas mo\u017eno vzia\u0165 kedyko\u013evek sp\u00e4\u0165, a to napr\u00edklad \u2026 zaslan\u00edm emailu alebo zasl\u00e1n\u00edm listu na kontaktn\u00e9 \u00fadaje.<br \/>Spracovanie osobn\u00fdch \u00fadajov je vykon\u00e1van\u00e9 Spr\u00e1vcom. Osobn\u00e9 \u00fadaje m\u00f4\u017eu spracov\u00e1va\u0165 aj t\u00edto spracovatelia:<br \/>Poskytovate\u013e webhostingu &#8211; www.easyname.com.<br \/>Pr\u00edpadne \u010fal\u0161\u00ed poskytovatelia alebo dod\u00e1vatelia webov\u00fdch syst\u00e9mov, slu\u017eieb a aplik\u00e1ci\u00ed, ktor\u00e9 v s\u00fa\u010dasnej dobe spolo\u010dnos\u0165 vyu\u017e\u00edva. Napriklad Google.com.<br \/>\u2026\u2026.<\/p>\n\n\n\n<p>Pr\u00e1va na opravu, zabudnutie a pr\u00edstup k osobn\u00fdm \u00fadajom dotknutej osoby<\/p>\n\n\n\n<ul class=\"wp-block-list\"><li>Pros\u00edm vezmite na vedomie, \u017ee pod\u013ea z\u00e1kona o ochrane osobn\u00fdch \u00fadajov m\u00e1 dotknut\u00e1 osoba pr\u00e1vovzia\u0165 s\u00fahlas kedyko\u013evek sp\u00e4\u0165,<\/li><li>vy\u017eiada\u0165 od n\u00e1s inform\u00e1ciu, ak\u00e9 va\u0161e osobn\u00e9 \u00fadaje spracov\u00e1vame,<\/li><li>vy\u017eiada\u0165 od n\u00e1s vysvetlenie oh\u013eadne spracovania osobn\u00fdch \u00fadajov,<\/li><li>vy\u017eiada\u0165 od n\u00e1s vysvetlenie oh\u013eadne spracovania osobn\u00fdch \u00fadajov,<\/li><li>vy\u017eiada\u0165 si u n\u00e1s v\u00fdpis t\u00fdchto \u00fadajov a tieto necha\u0165 aktualizova\u0165 alebo opravi\u0165,<\/li><li>po\u017eadova\u0165 od n\u00e1s vymazanie t\u00fdchto osobn\u00fdch \u00fadajov,<\/li><li>v pr\u00edpade pochybnost\u00ed o dodr\u017eiavan\u00ed povinnost\u00ed s\u00favisiacich so spracovan\u00edm osobn\u00fdch \u00fadajov obr\u00e1ti\u0165 sa na n\u00e1s alebo na \u00darad na ochranu osobn\u00fdch \u00fadajov.<br \/><\/li><\/ul>\n","protected":false},"excerpt":{"rendered":"<p><!-- wp:paragraph --><\/p>\n<p>Vlastn\u00edkom internetovej str\u00e1nky je: David Anthony Nix.<\/p>\n<p><!-- \/wp:paragraph --><\/p>\n<p><!-- wp:paragraph --><\/p>\n<p>Poskytovate\u013e slu\u017eieb je:<\/p>\n<p><!-- \/wp:paragraph --><\/p>\n<p><!-- wp:paragraph --><\/p>\n<p>David Anthony Nix &#8211; David&#8217;s English Lan&#8230;<\/p>\n","protected":false},"author":1,"featured_media":0,"parent":0,"menu_order":0,"comment_status":"closed","ping_status":"closed","template":"","meta":{"footnotes":""},"class_list":["post-4801","page","type-page","status-publish","hentry"],"_links":{"self":[{"href":"https:\/\/davidsenglish.sk\/sk_SK\/wp-json\/wp\/v2\/pages\/4801","targetHints":{"allow":["GET"]}}],"collection":[{"href":"https:\/\/davidsenglish.sk\/sk_SK\/wp-json\/wp\/v2\/pages"}],"about":[{"href":"https:\/\/davidsenglish.sk\/sk_SK\/wp-json\/wp\/v2\/types\/page"}],"author":[{"embeddable":true,"href":"https:\/\/davidsenglish.sk\/sk_SK\/wp-json\/wp\/v2\/users\/1"}],"replies":[{"embeddable":true,"href":"https:\/\/davidsenglish.sk\/sk_SK\/wp-json\/wp\/v2\/comments?post=4801"}],"version-history":[{"count":18,"href":"https:\/\/davidsenglish.sk\/sk_SK\/wp-json\/wp\/v2\/pages\/4801\/revisions"}],"predecessor-version":[{"id":5164,"href":"https:\/\/davidsenglish.sk\/sk_SK\/wp-json\/wp\/v2\/pages\/4801\/revisions\/5164"}],"wp:attachment":[{"href":"https:\/\/davidsenglish.sk\/sk_SK\/wp-json\/wp\/v2\/media?parent=4801"}],"curies":[{"name":"wp","href":"https:\/\/api.w.org\/{rel}","templated":true}]}}